{"id":963,"date":"2020-11-06T20:29:41","date_gmt":"2020-11-06T19:29:41","guid":{"rendered":"https:\/\/farmsolutions.at\/wp2\/?page_id=963"},"modified":"2022-10-12T14:25:21","modified_gmt":"2022-10-12T12:25:21","slug":"fruitguard","status":"publish","type":"page","link":"https:\/\/farmsolutions.at\/en\/fruitguard\/","title":{"rendered":"Fruitguard Frostberegnung"},"content":{"rendered":"<div class=\"wpb-content-wrapper\"><p>[vc_section][vc_row][vc_column][vc_single_image image=&#8221;1717&#8243; img_size=&#8221;medium&#8221; alignment=&#8221;center&#8221;][\/vc_column][\/vc_row][vc_row][vc_column][vc_empty_space height=&#8221;5em&#8221;][vc_raw_html]JTNDaDMlMjBjbGFzcyUzRCUyMm1haW4tdGl0bGUlMjIlM0VGcnVpdGd1YXJkJTNDc3BhbiUzRSUyMEZyb3N0c2NodXR6JTIwQmVyZWdudW5nJTNDJTJGc3BhbiUzRSUzQSUzQyUyRmgzJTNF[\/vc_raw_html][vc_empty_space height=&#8221;1em&#8221;][\/vc_column][\/vc_row][vc_row][vc_column width=&#8221;1\/4&#8243;][vc_icon icon_fontawesome=&#8221;fas fa-leaf&#8221; background_style=&#8221;rounded&#8221; size=&#8221;lg&#8221; align=&#8221;center&#8221; css=&#8221;.vc_custom_1576761574463{margin-bottom: 0px !important;}&#8221;][vc_custom_heading text=&#8221;Energiesparend&#8221; font_container=&#8221;tag:h4|text_align:center&#8221; use_theme_fonts=&#8221;yes&#8221;][vc_empty_space height=&#8221;1em&#8221;][vc_column_text]<\/p>\n<p style=\"font-size: 15px; text-align: center;\">Mit den innovativen Xcel Wobbler Niederdruck-Sprinklern kann der Strom oder Dieselverbrauch um bis zu 60%, verglichen mit herk\u00f6mmlichen Schlagregnern, bei Beregnungen reduziert werden.<\/p>\n<p>[\/vc_column_text][\/vc_column][vc_column width=&#8221;1\/4&#8243;][vc_icon type=&#8221;entypo&#8221; icon_entypo=&#8221;entypo-icon entypo-icon-water&#8221; background_style=&#8221;rounded&#8221; size=&#8221;lg&#8221; align=&#8221;center&#8221; css=&#8221;.vc_custom_1604693701867{margin-bottom: 0px !important;}&#8221;][vc_custom_heading text=&#8221;Wassersparend&#8221; font_container=&#8221;tag:h4|text_align:center&#8221; use_theme_fonts=&#8221;yes&#8221;][vc_empty_space height=&#8221;1em&#8221;][vc_column_text]<\/p>\n<p style=\"font-size: 15px; text-align: center;\">Durch die perfekte Verteilungsgenauigkeit unserer Xcel Wobbler Sprinkler ergeben sich keine Wasserschatten und der Wassereinsatz pro m\u00b2 kann um bis zu 20%, verglichen mit Schlagregnern, reduziert werden.<\/p>\n<p>[\/vc_column_text][\/vc_column][vc_column width=&#8221;1\/4&#8243;][vc_icon icon_fontawesome=&#8221;fas fa-euro-sign&#8221; background_style=&#8221;rounded&#8221; size=&#8221;lg&#8221; align=&#8221;center&#8221; css=&#8221;.vc_custom_1576761600360{margin-bottom: 0px !important;}&#8221;][vc_custom_heading text=&#8221;Kostensparend&#8221; font_container=&#8221;tag:h4|text_align:center&#8221; use_theme_fonts=&#8221;yes&#8221;][vc_empty_space height=&#8221;1em&#8221;][vc_column_text]<\/p>\n<p style=\"font-size: 15px; text-align: center;\">Geringere Bereitstellungskosten f\u00fcr Wasser, niedrigere Pumpenergiekosten und allgemein reduzierter Verschlei\u00df, sorgen bei unseren Fruitguard Anlagen f\u00fcr h\u00f6chste Wirtschaftlichkeit und sehr schnelle Amortisation.<\/p>\n<p>[\/vc_column_text][\/vc_column][vc_column width=&#8221;1\/4&#8243;][vc_icon type=&#8221;material&#8221; icon_material=&#8221;vc-material vc-material-power_settings_new&#8221; background_style=&#8221;rounded&#8221; size=&#8221;lg&#8221; align=&#8221;center&#8221; css=&#8221;.vc_custom_1576761584835{margin-bottom: 0px !important;}&#8221;][vc_custom_heading text=&#8221;Anwenderfreundlich&#8221; font_container=&#8221;tag:h4|text_align:center&#8221; use_theme_fonts=&#8221;yes&#8221;][vc_empty_space height=&#8221;1em&#8221;][vc_column_text]<\/p>\n<p style=\"font-size: 15px; text-align: center;\">Installieren, einschalten und funktionieren \u2013 das ist unser Motto bei der Planung unserer anwenderfreundlichen und wartungsarmen Anlagen. Wir legen Wert auf Funktionalit\u00e4t mit zuverl\u00e4ssiger Technik, Anwenderfreundlichkeit und Betriebssicherheit im Alltag.<\/p>\n<p>[\/vc_column_text][\/vc_column][\/vc_row][vc_row][vc_column][vc_empty_space height=&#8221;3 em&#8221;][vc_single_image image=&#8221;1484&#8243; img_size=&#8221;full&#8221; alignment=&#8221;center&#8221; style=&#8221;vc_box_shadow_border&#8221;][\/vc_column][\/vc_row][vc_row][vc_column][vc_empty_space height=&#8221;2em&#8221;][vc_custom_heading text=&#8221;Vorteile f\u00fcr Frostschutzberegnung im Obstbau&#8221; font_container=&#8221;tag:h2|text_align:center&#8221; use_theme_fonts=&#8221;yes&#8221;][vc_empty_space height=&#8221;2em&#8221;][vc_column_text]<\/p>\n<ul>\n<li style=\"font-size: 20px;\">Gleichm\u00e4\u00dfige Wasserverteilung und geringerer Wasserbedarf bei gleicher Frostsicherheit wie mit Schlagregnern<\/li>\n<li style=\"font-size: 20px;\">St\u00e4ndige 360\u00b0 Vollkreisberegnung und damit automatisch mehr Frostsicherheit als mit Schlagregnern<\/li>\n<li style=\"font-size: 20px;\">Sehr robuste Kunststoffkonstruktion &#8211; 100% hagelschlagsicher und langj\u00e4hriger UV-Schutz<\/li>\n<li style=\"font-size: 20px;\">Sehr niedriger Arbeitsdruck, 0,7 &#8211; 1,7 bar und damit bis zu 60% geringere Pumpenergiekosten<\/li>\n<li style=\"font-size: 20px;\">Wartungsfrei, speziell wenn Schwefelkalk mit Sprinkleranlage ausgebracht wird<\/li>\n<li style=\"font-size: 20px;\">Kein Einfrieren der Sprinkler und bis -8\u00b0 C erfolgreich in Frostn\u00e4chten eingesetzt<\/li>\n<\/ul>\n<p>[\/vc_column_text][vc_empty_space height=&#8221;2em&#8221;][vc_column_text el_class=&#8221;h3&#8243;]<\/p>\n<blockquote><p>&nbsp;<\/p>\n<p style=\"color: #0090d7; text-align: center;\"><strong>Xcel Wobbler mit dem Fruitguard System ist die Zukunft f\u00fcr Frostschutzberegnungen im Obstbau!<\/strong><br \/>\n<strong>Vor allem bei Anlagen mit schwieriger Topografie und gro\u00dfen H\u00f6henunterschieden zeigt sich die Niederdrucktechnologie mit klarem Vorteil.<\/strong><\/p>\n<\/blockquote>\n<p>[\/vc_column_text][\/vc_column][\/vc_row][vc_row][vc_column][vc_empty_space height=&#8221;3 em&#8221;][vc_video link=&#8221;https:\/\/www.youtube.com\/watch?v=dAR2VYV26sY&#8221; title=&#8221;Wassersparende Frostschutzberegnung Obstbau&#8221;][vc_empty_space height=&#8221;3 em&#8221;][vc_custom_heading text=&#8221;Wie funktioniert das Fruitguard System?&#8221; font_container=&#8221;tag:h3|text_align:center&#8221; use_theme_fonts=&#8221;yes&#8221;][vc_empty_space height=&#8221;1 em&#8221;][\/vc_column][\/vc_row][vc_row][vc_column width=&#8221;1\/3&#8243;][vc_column_text]<\/p>\n<p style=\"font-size: 20px;\">Schlagregner haben prinzipiell eine sehr schlechte Verteilung auf den Schlagkreis gesehen. Durch diese Ungleichverteilung ergeben sich Fl\u00e4chen mit weniger als 2mm\/m\u00b2\/h Niederschlag und andere mit mehr als 6mm\/m\u00b2\/h. Damit aber auch die &#8220;wenig Niederschlags-Fl\u00e4chen&#8221; ausreichend Wasser und Frostschutz erhalten, m\u00fcssen die Regnerverb\u00e4nde so gew\u00e4hlt werden, dass sich Regnerfl\u00e4chen ausreichend \u00fcberlappen und damit das Minimum der erforderlichen Niederschlagsmenge \u00fcberall in der Anlage aufgebracht wird.<\/p>\n<p>[\/vc_column_text][\/vc_column][vc_column width=&#8221;1\/3&#8243;][vc_column_text]<\/p>\n<p style=\"font-size: 20px;\">Die einzige M\u00f6glichkeit den gesamten Wasserbedarf zu reduzieren, liegt in der Verbesserung der Verteilung der Regner. Und genau da setzt der <strong>Xcel Wobbler Sprinkler<\/strong> mit dem Fruitguard System an. Dieser Sprinkler zeichnet sich durch eine au\u00dferordentlich hohe Verteilgenauigkeit aus. Durch die hohe Verteilgenauigkeit kann man sich dem Idealwert an Wasserbedarf f\u00fcr eine Frostschutzwirkung (ca. 35m\u00b3\/h\/ha oder 3,5mm\/h\/m\u00b2) sehr gut ann\u00e4hern und trotz <strong>20% weniger Wasserauftrag<\/strong> ist noch immer die volle Frostschutzwirkung gegeben \u2013 weil eben \u00fcberall gleich viel Wasser hin kommt.<\/p>\n<p>[\/vc_column_text][\/vc_column][vc_column width=&#8221;1\/3&#8243;][vc_column_text]<\/p>\n<p style=\"font-size: 20px;\">Gleichzeitig ist der Xcel Wobbler ein Niederdruckregner und er wird mit maximal 1-2 bar Druck am Regner betrieben. Das f\u00fchrt gegen\u00fcber Schlagregnern, die meist zwischen 3-4 bar am Regner ben\u00f6tigen, zu einer immensen Pumpenergie-Einsparung. Der Regner selbst ist komplett aus sehr robustem Kunststoff gefertigt und eignet sich dadurch besonders f\u00fcr Schwefelkalkausbringung mit \u00dcberkronenberegnung (keine Korrosion).<\/p>\n<p>[\/vc_column_text][\/vc_column][\/vc_row][\/vc_section][vc_row][vc_column][vc_column_text]<\/p>\n<p>[\/vc_column_text][\/vc_column][\/vc_row]<\/p>\n<\/div>","protected":false},"excerpt":{"rendered":"<p>[vc_section][vc_row][vc_column][vc_single_image image=&#8221;1717&#8243; img_size=&#8221;medium&#8221; alignment=&#8221;center&#8221;][\/vc_column][\/vc_row][vc_row][vc_column][vc_empty_space height=&#8221;5em&#8221;][vc_raw_html]JTNDaDMlMjBjbGFzcyUzRCUyMm1haW4tdGl0bGUlMjIlM0VGcnVpdGd1YXJkJTNDc3BhbiUzRSUyMEZyb3N0c2NodXR6JTIwQmVyZWdudW5nJTNDJTJGc3BhbiUzRSUzQSUzQyUyRmgzJTNF[\/vc_raw_html][vc_empty_space height=&#8221;1em&#8221;][\/vc_column][\/vc_row][vc_row][vc_column width=&#8221;1\/4&#8243;][vc_icon icon_fontawesome=&#8221;fas fa-leaf&#8221; background_style=&#8221;rounded&#8221; size=&#8221;lg&#8221; align=&#8221;center&#8221; css=&#8221;.vc_custom_1576761574463{margin-bottom: 0px !important;}&#8221;][vc_custom_heading text=&#8221;Energiesparend&#8221; font_container=&#8221;tag:h4|text_align:center&#8221; use_theme_fonts=&#8221;yes&#8221;][vc_empty_space height=&#8221;1em&#8221;][vc_column_text] Mit den innovativen Xcel Wobbler Niederdruck-Sprinklern kann der Strom oder Dieselverbrauch um bis zu 60%, verglichen mit herk\u00f6mmlichen Schlagregnern, bei Beregnungen reduziert werden. [\/vc_column_text][\/vc_column][vc_column width=&#8221;1\/4&#8243;][vc_icon type=&#8221;entypo&#8221; icon_entypo=&#8221;entypo-icon entypo-icon-water&#8221; background_style=&#8221;rounded&#8221; size=&#8221;lg&#8221; align=&#8221;center&#8221; css=&#8221;.vc_custom_1604693701867{margin-bottom: 0px !important;}&#8221;][vc_custom_heading text=&#8221;Wassersparend&#8221; font_container=&#8221;tag:h4|text_align:center&#8221; [&hellip;]<\/p>\n","protected":false},"author":1,"featured_media":0,"parent":0,"menu_order":0,"comment_status":"closed","ping_status":"closed","template":"","meta":{"footnotes":""},"class_list":["post-963","page","type-page","status-publish","format-standard","hentry"],"_links":{"self":[{"href":"https:\/\/farmsolutions.at\/en\/wp-json\/wp\/v2\/pages\/963","targetHints":{"allow":["GET"]}}],"collection":[{"href":"https:\/\/farmsolutions.at\/en\/wp-json\/wp\/v2\/pages"}],"about":[{"href":"https:\/\/farmsolutions.at\/en\/wp-json\/wp\/v2\/types\/page"}],"author":[{"embeddable":true,"href":"https:\/\/farmsolutions.at\/en\/wp-json\/wp\/v2\/users\/1"}],"replies":[{"embeddable":true,"href":"https:\/\/farmsolutions.at\/en\/wp-json\/wp\/v2\/comments?post=963"}],"version-history":[{"count":46,"href":"https:\/\/farmsolutions.at\/en\/wp-json\/wp\/v2\/pages\/963\/revisions"}],"predecessor-version":[{"id":2099,"href":"https:\/\/farmsolutions.at\/en\/wp-json\/wp\/v2\/pages\/963\/revisions\/2099"}],"wp:attachment":[{"href":"https:\/\/farmsolutions.at\/en\/wp-json\/wp\/v2\/media?parent=963"}],"curies":[{"name":"wp","href":"https:\/\/api.w.org\/{rel}","templated":true}]}}