{"id":2114,"date":"2023-01-21T12:57:44","date_gmt":"2023-01-21T11:57:44","guid":{"rendered":"https:\/\/farmsolutions.at\/?page_id=2114"},"modified":"2023-01-24T18:58:31","modified_gmt":"2023-01-24T17:58:31","slug":"staubbekaempfung","status":"publish","type":"page","link":"https:\/\/farmsolutions.at\/en\/staubbekaempfung\/","title":{"rendered":"Staubbek\u00e4mpfung"},"content":{"rendered":"<div class=\"wpb-content-wrapper\"><p>[vc_section][vc_row][vc_column][vc_single_image image=&#8221;2206&#8243; img_size=&#8221;large&#8221; alignment=&#8221;center&#8221;][\/vc_column][\/vc_row][vc_row][vc_column][vc_empty_space height=&#8221;5em&#8221;][vc_raw_html]JTNDaDMlMjBjbGFzcyUzRCUyMm1haW4tdGl0bGUlMjIlM0VTdGF1YiUyMCUzQ3NwYW4lM0VCZXclQzMlQTRzc2VydW5nJTNDJTJGc3BhbiUzRSUzQSUzQyUyRmgzJTNF[\/vc_raw_html][vc_empty_space height=&#8221;1em&#8221;][\/vc_column][\/vc_row][vc_row][vc_column width=&#8221;1\/4&#8243;][vc_icon icon_fontawesome=&#8221;fas fa-leaf&#8221; background_style=&#8221;rounded&#8221; size=&#8221;lg&#8221; align=&#8221;center&#8221; css=&#8221;.vc_custom_1576761574463{margin-bottom: 0px !important;}&#8221;][vc_custom_heading text=&#8221;Energiesparend&#8221; font_container=&#8221;tag:h4|text_align:center&#8221; use_theme_fonts=&#8221;yes&#8221;][vc_empty_space height=&#8221;1em&#8221;][vc_column_text]<\/p>\n<p style=\"font-size: 15px; text-align: center;\">Im Vergleich mit Staubbindeeinheiten wie zb Schneekanonen, k\u00f6nnen mit unseren Sprinkler basierten Staubbindeberegnungen rund 50% Energiekosten eingespart werden.<\/p>\n<p>[\/vc_column_text][\/vc_column][vc_column width=&#8221;1\/4&#8243;][vc_icon type=&#8221;entypo&#8221; icon_entypo=&#8221;entypo-icon entypo-icon-water&#8221; background_style=&#8221;rounded&#8221; size=&#8221;lg&#8221; align=&#8221;center&#8221; css=&#8221;.vc_custom_1604693701867{margin-bottom: 0px !important;}&#8221;][vc_custom_heading text=&#8221;Wassersparend&#8221; font_container=&#8221;tag:h4|text_align:center&#8221; use_theme_fonts=&#8221;yes&#8221;][vc_empty_space height=&#8221;1em&#8221;][vc_column_text]<\/p>\n<p style=\"font-size: 15px; text-align: center;\">Wesentlich wassersparender und zielgerichteter Wassereinsatz im Vergleich zu einer Ausbringung von Wasser mit Traktor und Vacuumfass.<\/p>\n<p>[\/vc_column_text][\/vc_column][vc_column width=&#8221;1\/4&#8243;][vc_icon icon_fontawesome=&#8221;fas fa-euro-sign&#8221; background_style=&#8221;rounded&#8221; size=&#8221;lg&#8221; align=&#8221;center&#8221; css=&#8221;.vc_custom_1576761600360{margin-bottom: 0px !important;}&#8221;][vc_custom_heading text=&#8221;Kostensparend&#8221; font_container=&#8221;tag:h4|text_align:center&#8221; use_theme_fonts=&#8221;yes&#8221;][vc_empty_space height=&#8221;1em&#8221;][vc_column_text]<\/p>\n<p style=\"font-size: 15px; text-align: center;\">Geringere Bereitstellungskosten f\u00fcr Wasser, niedrigere Pumpenergiekosten und langlebige Sprinkler, sorgen f\u00fcr geringe Kosten und weniger Staub.<\/p>\n<p>[\/vc_column_text][\/vc_column][vc_column width=&#8221;1\/4&#8243;][vc_icon type=&#8221;material&#8221; icon_material=&#8221;vc-material vc-material-power_settings_new&#8221; background_style=&#8221;rounded&#8221; size=&#8221;lg&#8221; align=&#8221;center&#8221; css=&#8221;.vc_custom_1576761584835{margin-bottom: 0px !important;}&#8221;][vc_custom_heading text=&#8221;Anwenderfreundlich&#8221; font_container=&#8221;tag:h4|text_align:center&#8221; use_theme_fonts=&#8221;yes&#8221;][vc_empty_space height=&#8221;1em&#8221;][vc_column_text]<\/p>\n<p style=\"font-size: 15px; text-align: center;\">Installieren, einschalten und funktionieren \u2013 das ist unser Motto bei der Planung unserer anwenderfreundlichen und wartungsarmen Anlagen.<\/p>\n<p>[\/vc_column_text][\/vc_column][\/vc_row][vc_row][vc_column][vc_empty_space height=&#8221;3 em&#8221;][vc_single_image image=&#8221;2163&#8243; img_size=&#8221;large&#8221; alignment=&#8221;center&#8221; style=&#8221;vc_box_shadow_border&#8221;][\/vc_column][\/vc_row][vc_row][vc_column][vc_column_text el_class=&#8221;h3&#8243;]<\/p>\n<blockquote>\n<p style=\"color: #0090d7; text-align: center;\"><strong>Unsere Staubbindeberegnungen halten den h\u00e4rtesten Anforderungen in Schottergruben oder auf Deponien stand und werden immer mit dem Ziel Energie und Wassersparend zu sein geplant.\u00a0\u00a0<\/strong><\/p>\n<\/blockquote>\n<p>[\/vc_column_text][vc_empty_space height=&#8221;2em&#8221;][vc_custom_heading text=&#8221;Vorteile Staubbindeberegnung&#8221; font_container=&#8221;tag:h2|text_align:center&#8221; use_theme_fonts=&#8221;yes&#8221;][vc_empty_space height=&#8221;2em&#8221;][vc_column_text]<\/p>\n<ul>\n<li style=\"list-style-type: none;\">\n<ul>\n<li style=\"font-size: 20px;\">Wesentlich wassersparender im Vergleich zu Traktor und Vacuumfass<\/li>\n<li style=\"font-size: 20px;\">Wesentlich energiesparender im Vergleich zu Schneekanonen Staubbindeeinheiten<\/li>\n<li style=\"font-size: 20px;\">Hohe Verteilgenauigkeit durch Einsatz von Qualit\u00e4tssprinkler von Perrot<\/li>\n<li style=\"font-size: 20px;\">Stark reduzierte Staubemission durch optimierte Einschaltintervalle<\/li>\n<li style=\"font-size: 20px;\">Bevorratungsl\u00f6sungen auch bei Vorhandensein von wenig Wasser<\/li>\n<\/ul>\n<\/li>\n<\/ul>\n<p>[\/vc_column_text][\/vc_column][\/vc_row][vc_row][vc_column][vc_empty_space height=&#8221;3 em&#8221;][vc_video link=&#8221;https:\/\/youtu.be\/CPDlL6oWD3I&#8221; title=&#8221;Irritec P1 Tropfschlauch f\u00fcr saisonale Kulturen&#8221;][vc_empty_space height=&#8221;3 em&#8221;][\/vc_column][\/vc_row][vc_row][vc_column width=&#8221;1\/3&#8243;][vc_custom_heading text=&#8221;Staubbinde- Beregnung&#8221; font_container=&#8221;tag:h3|text_align:center&#8221; use_theme_fonts=&#8221;yes&#8221;][vc_empty_space height=&#8221;2em&#8221;][vc_column_text]<\/p>\n<p style=\"font-size: 18px;\">Staub mit Wasser zu binden und damit sch\u00e4dliche Gesundheitsfolgen f\u00fcr Mensch und Tier zu vermeiden wurde in den vergangenen Jahren immer wichtiger und \u00f6fters angefragt. Zum einen merkt man auch in diesem Bereich den Klimawandel und ausgedehnte Trockenperioden lassen die Staubbelastung auf Baustellen, Recyclingh\u00f6fen oder in Schottergruben unertr\u00e4glich und Gesundheitssch\u00e4dlich werden und zum anderen steigt auch das Bewusstsein, dass Staub einen wesentlichen Einfluss auf unsere Gesundheit hat und er so gut als m\u00f6glich vermieden werden sollte.<br \/>\nPrinzipiell gibt es 2 M\u00f6glichkeiten wie sie Ihren Staub mit Wasser binden k\u00f6nnen.<br \/>\nZum einen gibt es die Hochdruck Systeme mit modifizierten Schneekanonen. Hier wird versucht einen feinen Nebel zu erzeugen und damit Staub zu binden. Diese Systeme sind sehr Wassereffizient, wenn es darum geht punktuell Staub zu binden \u2013 zB. In einer Lagerhalle, haben aber den Nachteil, dass sie sehr teuer sind und sehr Energieaufw\u00e4ndig im Betrieb durch den Hochdruck. Sie eignen sich auf keinen Fall f\u00fcr die Staubbindung auf Zufahrtsstra\u00dfen oder auf Halden im Freiland da sie auch sehr Windanf\u00e4llig sind.<br \/>\nDie zweite M\u00f6glichkeit besteht mit normalen Nah oder Weitwurfregnern. Hier wird mit einem Netzwerk aus Leitungen und verschiedenen Sprinklern eine Strecke (Stra\u00dfe), Halde oder LKW-Beladungsfl\u00e4chen besprenkelt und somit Staubemission verhindert. Der Nachteil bei dieser Methode liegt im Bau des Leitungsnetzwerkes.<\/p>\n<p>[\/vc_column_text][\/vc_column][vc_column width=&#8221;1\/3&#8243;][vc_custom_heading text=&#8221;Wie plant man am besten einen Staubbinde Beregnung?&#8221; font_container=&#8221;tag:h3|text_align:center&#8221; use_theme_fonts=&#8221;yes&#8221;][vc_empty_space height=&#8221;2em&#8221;][vc_column_text]<\/p>\n<p style=\"font-size: 18px;\">Zuerst sollten sie sich Gedanken \u00fcber Wasser und Strom machen. Woher kommt es und wieviel davon habe ich zur Verf\u00fcgung. Beides ben\u00f6tigt man je nach Anlagengr\u00f6\u00dfe, aber man hat sehr viel Spielraum durch Aufteilung in Zonen und Bevorratung.<br \/>\nEs besteht \u00fcberhaupt kein Grund auf gro\u00dfen Anlagen alle Sprinkler gleichzeitig laufen zu lassen, zumal das alle Anlagenkomponenten unn\u00f6tig vergr\u00f6\u00dfert, Leitungen, Pumpe, Wasservorrat und damit auch die Kosten in die H\u00f6he treibt.<br \/>\nMan sollte bei der Planung eine Balance zw. Einschaltzeitpunkte und wie viele Regner gleichzeitig regnen sollen, finden. Wenn das richtig gemacht wurde, dann treffen sich Energie und Analgenkosten in einem optimalen Punkt der auch die Anlage schont.<br \/>\nEine Frage die sie sich als Anlagenbetreiber auf jeden Fall stellen sollten ist f\u00fcr wie lange diese Staubbinde Beregnung bestehen bleiben sollte. Oft kann es sein, dass nur tempor\u00e4r etwas beregnet werden soll \u2013 zB. Baustellenzufahrt. In diesem Fall bietet sich an alles fliegend oberirdisch zu machen. Falls jedoch das ganze f\u00fcr viele Jahr bestehen bleibt dann zahlt es sich in den meisten F\u00e4llen aus die Versorgungsrohre f\u00fcr die Sprinkler einzugraben, damit Sch\u00e4den an den Rohren vermieden werden.<br \/>\nDie Sprinkler selbst werden meistens an m\u00f6glichst robusten Betonkl\u00f6tzen oder auf Eisenstangen montiert.<\/p>\n<p>[\/vc_column_text][\/vc_column][vc_column width=&#8221;1\/3&#8243;][vc_custom_heading text=&#8221;Welche Sprinkler verwendet man?&#8221; font_container=&#8221;tag:h3|text_align:center&#8221; use_theme_fonts=&#8221;yes&#8221;][vc_empty_space height=&#8221;2em&#8221;][vc_column_text]<\/p>\n<p style=\"font-size: 18px;\">Da gibt es eine Vielzahl an M\u00f6glichkeiten und je nach ben\u00f6tigter Wurfweite greift man zu normalem Impact oder Schlagregnern wie sie schon seit Jahrzehnten in der landwirtschaftlichen Bew\u00e4sserung verwendet werden und seit einiger Zeit gibt es von namhaften Herstellern wie Perrot oder Komet so genannte Wasserkolben Regner. Diese Regner funktionieren mit einem internen Getriebe und nicht durch einen Schwinghebelschlag und laufen daher besonders Ger\u00e4uscharm und gleichm\u00e4\u00dfig.<br \/>\nNoch ein Wort zum ben\u00f6tigten Druck. Abgesehen von Steigungen bzw. Seeh\u00f6henunterschieden zw. Brunnen, Teich oder Wassertank ben\u00f6tigen Standard Staubbindeanlagen maximal 5-7 bar Druck am Regner. Je kleiner der Regner desto weniger \u2013 m\u00f6glich ab 1 Bar bei ca. 8m Wurfweite.[\/vc_column_text][\/vc_column][\/vc_row][\/vc_section]<\/p>\n<\/div>","protected":false},"excerpt":{"rendered":"<p>[vc_section][vc_row][vc_column][vc_single_image image=&#8221;2206&#8243; img_size=&#8221;large&#8221; alignment=&#8221;center&#8221;][\/vc_column][\/vc_row][vc_row][vc_column][vc_empty_space height=&#8221;5em&#8221;][vc_raw_html]JTNDaDMlMjBjbGFzcyUzRCUyMm1haW4tdGl0bGUlMjIlM0VTdGF1YiUyMCUzQ3NwYW4lM0VCZXclQzMlQTRzc2VydW5nJTNDJTJGc3BhbiUzRSUzQSUzQyUyRmgzJTNF[\/vc_raw_html][vc_empty_space height=&#8221;1em&#8221;][\/vc_column][\/vc_row][vc_row][vc_column width=&#8221;1\/4&#8243;][vc_icon icon_fontawesome=&#8221;fas fa-leaf&#8221; background_style=&#8221;rounded&#8221; size=&#8221;lg&#8221; align=&#8221;center&#8221; css=&#8221;.vc_custom_1576761574463{margin-bottom: 0px !important;}&#8221;][vc_custom_heading text=&#8221;Energiesparend&#8221; font_container=&#8221;tag:h4|text_align:center&#8221; use_theme_fonts=&#8221;yes&#8221;][vc_empty_space height=&#8221;1em&#8221;][vc_column_text] Im Vergleich mit Staubbindeeinheiten wie zb Schneekanonen, k\u00f6nnen mit unseren Sprinkler basierten Staubbindeberegnungen rund 50% Energiekosten eingespart werden. [\/vc_column_text][\/vc_column][vc_column width=&#8221;1\/4&#8243;][vc_icon type=&#8221;entypo&#8221; icon_entypo=&#8221;entypo-icon entypo-icon-water&#8221; background_style=&#8221;rounded&#8221; size=&#8221;lg&#8221; align=&#8221;center&#8221; css=&#8221;.vc_custom_1604693701867{margin-bottom: 0px !important;}&#8221;][vc_custom_heading text=&#8221;Wassersparend&#8221; font_container=&#8221;tag:h4|text_align:center&#8221; use_theme_fonts=&#8221;yes&#8221;][vc_empty_space height=&#8221;1em&#8221;][vc_column_text] Wesentlich wassersparender und [&hellip;]<\/p>\n","protected":false},"author":2,"featured_media":0,"parent":0,"menu_order":0,"comment_status":"closed","ping_status":"closed","template":"","meta":{"footnotes":""},"class_list":["post-2114","page","type-page","status-publish","format-standard","hentry"],"_links":{"self":[{"href":"https:\/\/farmsolutions.at\/en\/wp-json\/wp\/v2\/pages\/2114","targetHints":{"allow":["GET"]}}],"collection":[{"href":"https:\/\/farmsolutions.at\/en\/wp-json\/wp\/v2\/pages"}],"about":[{"href":"https:\/\/farmsolutions.at\/en\/wp-json\/wp\/v2\/types\/page"}],"author":[{"embeddable":true,"href":"https:\/\/farmsolutions.at\/en\/wp-json\/wp\/v2\/users\/2"}],"replies":[{"embeddable":true,"href":"https:\/\/farmsolutions.at\/en\/wp-json\/wp\/v2\/comments?post=2114"}],"version-history":[{"count":13,"href":"https:\/\/farmsolutions.at\/en\/wp-json\/wp\/v2\/pages\/2114\/revisions"}],"predecessor-version":[{"id":2217,"href":"https:\/\/farmsolutions.at\/en\/wp-json\/wp\/v2\/pages\/2114\/revisions\/2217"}],"wp:attachment":[{"href":"https:\/\/farmsolutions.at\/en\/wp-json\/wp\/v2\/media?parent=2114"}],"curies":[{"name":"wp","href":"https:\/\/api.w.org\/{rel}","templated":true}]}}