{"id":1979,"date":"2020-11-18T17:25:15","date_gmt":"2020-11-18T16:25:15","guid":{"rendered":"https:\/\/farmsolutions.at\/?page_id=1979"},"modified":"2023-01-21T18:47:50","modified_gmt":"2023-01-21T17:47:50","slug":"tropfbewaesserung","status":"publish","type":"page","link":"https:\/\/farmsolutions.at\/en\/tropfbewaesserung\/","title":{"rendered":"Tropfbew\u00e4sserung"},"content":{"rendered":"<div class=\"wpb-content-wrapper\"><p>[vc_section][vc_row][vc_column][vc_single_image image=&#8221;1997&#8243; img_size=&#8221;medium&#8221; alignment=&#8221;center&#8221;][\/vc_column][\/vc_row][vc_row][vc_column][vc_empty_space height=&#8221;5em&#8221;][vc_raw_html]JTNDaDMlMjBjbGFzcyUzRCUyMm1haW4tdGl0bGUlMjIlM0VUcm9wZiUzQ3NwYW4lM0VCZXclQzMlQTRzc2VydW5nJTNDJTJGc3BhbiUzRSUzQSUzQyUyRmgzJTNF[\/vc_raw_html][vc_empty_space height=&#8221;1em&#8221;][\/vc_column][\/vc_row][vc_row][vc_column width=&#8221;1\/4&#8243;][vc_icon icon_fontawesome=&#8221;fas fa-leaf&#8221; background_style=&#8221;rounded&#8221; size=&#8221;lg&#8221; align=&#8221;center&#8221; css=&#8221;.vc_custom_1576761574463{margin-bottom: 0px !important;}&#8221;][vc_custom_heading text=&#8221;Energiesparend&#8221; font_container=&#8221;tag:h4|text_align:center&#8221; use_theme_fonts=&#8221;yes&#8221;][vc_empty_space height=&#8221;1em&#8221;][vc_column_text]<\/p>\n<p style=\"font-size: 15px; text-align: center;\">Im Vergleich zu herk\u00f6mmlichen Bew\u00e4sserungssystemen, k\u00f6nnen mit der Tropfbew\u00e4sserung rund 50% Energiekosten eingespart werden.<\/p>\n<p>[\/vc_column_text][\/vc_column][vc_column width=&#8221;1\/4&#8243;][vc_icon type=&#8221;entypo&#8221; icon_entypo=&#8221;entypo-icon entypo-icon-water&#8221; background_style=&#8221;rounded&#8221; size=&#8221;lg&#8221; align=&#8221;center&#8221; css=&#8221;.vc_custom_1604693701867{margin-bottom: 0px !important;}&#8221;][vc_custom_heading text=&#8221;Wassersparend&#8221; font_container=&#8221;tag:h4|text_align:center&#8221; use_theme_fonts=&#8221;yes&#8221;][vc_empty_space height=&#8221;1em&#8221;][vc_column_text]<\/p>\n<p style=\"font-size: 15px; text-align: center;\">Wesentlich wassersparender und zielgerichteter Wassereinsatz im Vergleich zu Beregnungsmaschinen mit Gro\u00dfregnern.<\/p>\n<p>[\/vc_column_text][\/vc_column][vc_column width=&#8221;1\/4&#8243;][vc_icon icon_fontawesome=&#8221;fas fa-euro-sign&#8221; background_style=&#8221;rounded&#8221; size=&#8221;lg&#8221; align=&#8221;center&#8221; css=&#8221;.vc_custom_1576761600360{margin-bottom: 0px !important;}&#8221;][vc_custom_heading text=&#8221;Kostensparend&#8221; font_container=&#8221;tag:h4|text_align:center&#8221; use_theme_fonts=&#8221;yes&#8221;][vc_empty_space height=&#8221;1em&#8221;][vc_column_text]<\/p>\n<p style=\"font-size: 15px; text-align: center;\">Geringere Bereitstellungskosten f\u00fcr Wasser, niedrigere Pumpenergiekosten und langlebige Tropfrohre, sorgen f\u00fcr geringe Kosten und mehr Ertrag.<\/p>\n<p>[\/vc_column_text][\/vc_column][vc_column width=&#8221;1\/4&#8243;][vc_icon type=&#8221;material&#8221; icon_material=&#8221;vc-material vc-material-power_settings_new&#8221; background_style=&#8221;rounded&#8221; size=&#8221;lg&#8221; align=&#8221;center&#8221; css=&#8221;.vc_custom_1576761584835{margin-bottom: 0px !important;}&#8221;][vc_custom_heading text=&#8221;Anwenderfreundlich&#8221; font_container=&#8221;tag:h4|text_align:center&#8221; use_theme_fonts=&#8221;yes&#8221;][vc_empty_space height=&#8221;1em&#8221;][vc_column_text]<\/p>\n<p style=\"font-size: 15px; text-align: center;\">Installieren, einschalten und funktionieren \u2013 das ist unser Motto bei der Planung unserer anwenderfreundlichen und wartungsarmen Anlagen.<\/p>\n<p>[\/vc_column_text][\/vc_column][\/vc_row][vc_row][vc_column][vc_empty_space height=&#8221;3 em&#8221;][vc_single_image image=&#8221;1993&#8243; img_size=&#8221;full&#8221; alignment=&#8221;center&#8221; style=&#8221;vc_box_shadow_border&#8221;][\/vc_column][\/vc_row][vc_row][vc_column][vc_column_text el_class=&#8221;h3&#8243;]<\/p>\n<blockquote><p>&nbsp;<\/p>\n<p style=\"color: #0090d7; text-align: center;\"><strong>Tropfbew\u00e4sserung ist der Stand der Technik im Bereich effiziente Bew\u00e4sserung. Nachhaltig und mit m\u00f6glichst wenig Ressourceneinsatz sorgt sie f\u00fcr maximale Ertr\u00e4ge.<\/strong><\/p>\n<\/blockquote>\n<p>[\/vc_column_text][vc_empty_space height=&#8221;2em&#8221;][vc_custom_heading text=&#8221;Vorteile Tropfbew\u00e4sserung&#8221; font_container=&#8221;tag:h2|text_align:center&#8221; use_theme_fonts=&#8221;yes&#8221;][vc_empty_space height=&#8221;2em&#8221;][vc_column_text]<\/p>\n<ul>\n<li style=\"list-style-type: none;\">\n<ul>\n<li style=\"font-size: 20px;\">Gleichm\u00e4\u00dfige Bodenfeuchte durch regelm\u00e4\u00dfige Wassergaben<\/li>\n<li style=\"font-size: 20px;\">Wesentlich wassersparender im Vergleich zu Beregnungsmaschinen mit Gro\u00dfregnern<\/li>\n<li style=\"font-size: 20px;\">Gutes Verh\u00e4ltnis von Wasser und Sauerstoff im Boden<\/li>\n<li style=\"font-size: 20px;\">Hohe Verteilgenauigkeit im h\u00fcgeligen Gel\u00e4nde durch druckkompensierende Tropfelemente<\/li>\n<li style=\"font-size: 20px;\">Stark reduzierte Verdunstungsverluste<\/li>\n<li style=\"font-size: 20px;\">Weniger Pilzbefall durch fehlende Blattn\u00e4sse<\/li>\n<li style=\"font-size: 20px;\">Windunempfindlichkeit bei der Bew\u00e4sserung<\/li>\n<li style=\"font-size: 20px;\">M\u00f6glichkeit der effizienten Fertigation<\/li>\n<\/ul>\n<\/li>\n<\/ul>\n<p>[\/vc_column_text][\/vc_column][\/vc_row][vc_row][vc_column][vc_empty_space height=&#8221;3 em&#8221;][vc_video link=&#8221;https:\/\/www.youtube.com\/watch?v=dqqc3C8tPJw&#8221; title=&#8221;Irritec P1 Tropfschlauch f\u00fcr saisonale Kulturen&#8221;][vc_empty_space height=&#8221;3 em&#8221;][\/vc_column][\/vc_row][vc_row][vc_column width=&#8221;1\/3&#8243;][vc_custom_heading text=&#8221;Bew\u00e4sserung Weinbau und Obstbau&#8221; font_container=&#8221;tag:h3|text_align:center&#8221; use_theme_fonts=&#8221;yes&#8221;][vc_empty_space height=&#8221;2em&#8221;][vc_column_text]<\/p>\n<p style=\"font-size: 18px;\">Im Wein- und Obstbau verwenden wir das druckkompensierte Tropfrohre. Diese sind aufgrund ihrer Druckkompensation \u00e4u\u00dferst genau in der Verteilung und bei allen langj\u00e4hrigen Kulturen einsetzbar. Das Tropfrohr ist sowohl f\u00fcr unterirdische, als auch f\u00fcr \u00fcberirdische Verlegung geeignet. Das druckregulierende Tropfsystem entsteht dank einer Membran aus Silikon, die bei Druckunterschieden eine konstante Wasserabgabe garantiert. In der labyrinthartigen Struktur bildet sich ein selbstreinigender Turbulenzfluss, der die Bildung von Ablagerungen verhindert. Jeder Tropfer hat einen integrierten Filter, der auch bei belasteter Wasserqualit\u00e4t die M\u00f6glichkeit von Verstopfung wesentlich reduziert. Die Anordnung der drei \u00d6ffnungen pro Tropfer garantiert ein schnelles und einfaches Verlegen in der Anlage. Eine genaue Positionierung ist nicht notwendig. Au\u00dferdem sichern die \u00d6ffnungen die automatische Entleerung des Tropfrohres nach jedem Bew\u00e4sserungszyklus. Die hohe Materialqualit\u00e4t macht das Tropfrohr widerstandsf\u00e4hig gegen mechanische und temperaturabh\u00e4ngige Belastungen.<\/p>\n<p>[\/vc_column_text][\/vc_column][vc_column width=&#8221;1\/3&#8243;][vc_custom_heading text=&#8221;Bew\u00e4sserung Beeren und Topfkulturen&#8221; font_container=&#8221;tag:h3|text_align:center&#8221; use_theme_fonts=&#8221;yes&#8221;][vc_empty_space height=&#8221;2em&#8221;][vc_column_text]<\/p>\n<p style=\"font-size: 18px;\">Unsere Einzeltropfersysteme erlauben eine langsame, bedarfsgerecht optimal angepasste Wasserversorgung direkt an der Pflanze. Jeder Tropfen Wasser wird effizient genutzt. Erh\u00e4ltlich sind unsere Einzeltropfer mit verschiedenen Flussraten und Verteilerspinnen mit Tropfspie\u00dfen und 5mm Mikroschl\u00e4uchen in verschiedenen L\u00e4ngen. Wir f\u00fchren Einzeltropfer von den Firmen Irritec, Rivulis und Netafim. Diese gro\u00dfe Auswahl bietet Ihnen die Flexibilit\u00e4t individuelle Pflanzen und B\u00e4ume, mit der f\u00fcr sie optimalen Wassermenge, zu versorgen. Unsere Einzeltropfer sind f\u00fcr eine schnelle Identifikation entsprechend ihrer Flussrate farbcodiert. Wir k\u00f6nnen auch im Wunschabstand vormontierte fix fertige Systeme liefern, die dann von unseren Kunden nur mehr ausgerollt und angeschlossen werden m\u00fcssen. Sie ersparen sich dadurch ein m\u00fchsames Lochen und Einstecken der Tropfer.<\/p>\n<p>[\/vc_column_text][\/vc_column][vc_column width=&#8221;1\/3&#8243;][vc_custom_heading text=&#8221;Bew\u00e4sserung f\u00fcr Ackerbau und Baumschulen&#8221; font_container=&#8221;tag:h3|text_align:center&#8221; use_theme_fonts=&#8221;yes&#8221;][vc_empty_space height=&#8221;2em&#8221;][vc_column_text]<\/p>\n<p style=\"font-size: 18px;\">Der P1-Tropfschlauch ist die ideale L\u00f6sung f\u00fcr die Bew\u00e4sserung im Freiland. Er ist optimal f\u00fcr Obstbaumschulen, Rebschulen, Pflanzenschulen und f\u00fcr Gr\u00fcnbereiche geeignet. Aufgrund seiner Anwenderfreundlichkeit ist das System die ideale L\u00f6sung f\u00fcr die Bew\u00e4sserung im Gem\u00fcsebau (Erdbeeren, Kartoffeln, Tomaten, Spargel, Feldbest\u00e4nde, Kleinobst, usw.). Die Vorteile der Tropfbew\u00e4sserung liegen auch im Ackerbau, der bisher vorrangig von Beregnungsmaschinen bew\u00e4ssert wurde, klar auf der Hand:<\/p>\n<p style=\"font-size: 18px;\">Eine exakte Wasserverteilung, bei der die Pflanze trocken bleibt und eine deutliche Reduzierung des Betriebsdruckes und damit der Energiekosten im Bew\u00e4sserungssystem. Gleichzeitig kann bei h\u00e4ufig schon abgesenkten Grundwasserspiegeln auch mit vermindertem Wasserangebot effizient und ausreichend bew\u00e4ssert werden. Zudem kann beim Einsatz einer entsprechend ausger\u00fcsteten Kopfstation eine D\u00fcngung \u00fcber die Tropfschl\u00e4uche, die sogenannte Fertigation, erfolgen.<\/p>\n<p>[\/vc_column_text][\/vc_column][\/vc_row][\/vc_section][vc_row][vc_column][vc_column_text]<\/p>\n<p>[\/vc_column_text][\/vc_column][\/vc_row]<\/p>\n<\/div>","protected":false},"excerpt":{"rendered":"<p>[vc_section][vc_row][vc_column][vc_single_image image=&#8221;1997&#8243; img_size=&#8221;medium&#8221; alignment=&#8221;center&#8221;][\/vc_column][\/vc_row][vc_row][vc_column][vc_empty_space height=&#8221;5em&#8221;][vc_raw_html]JTNDaDMlMjBjbGFzcyUzRCUyMm1haW4tdGl0bGUlMjIlM0VUcm9wZiUzQ3NwYW4lM0VCZXclQzMlQTRzc2VydW5nJTNDJTJGc3BhbiUzRSUzQSUzQyUyRmgzJTNF[\/vc_raw_html][vc_empty_space height=&#8221;1em&#8221;][\/vc_column][\/vc_row][vc_row][vc_column width=&#8221;1\/4&#8243;][vc_icon icon_fontawesome=&#8221;fas fa-leaf&#8221; background_style=&#8221;rounded&#8221; size=&#8221;lg&#8221; align=&#8221;center&#8221; css=&#8221;.vc_custom_1576761574463{margin-bottom: 0px !important;}&#8221;][vc_custom_heading text=&#8221;Energiesparend&#8221; font_container=&#8221;tag:h4|text_align:center&#8221; use_theme_fonts=&#8221;yes&#8221;][vc_empty_space height=&#8221;1em&#8221;][vc_column_text] Im Vergleich zu herk\u00f6mmlichen Bew\u00e4sserungssystemen, k\u00f6nnen mit der Tropfbew\u00e4sserung rund 50% Energiekosten eingespart werden. [\/vc_column_text][\/vc_column][vc_column width=&#8221;1\/4&#8243;][vc_icon type=&#8221;entypo&#8221; icon_entypo=&#8221;entypo-icon entypo-icon-water&#8221; background_style=&#8221;rounded&#8221; size=&#8221;lg&#8221; align=&#8221;center&#8221; css=&#8221;.vc_custom_1604693701867{margin-bottom: 0px !important;}&#8221;][vc_custom_heading text=&#8221;Wassersparend&#8221; font_container=&#8221;tag:h4|text_align:center&#8221; use_theme_fonts=&#8221;yes&#8221;][vc_empty_space height=&#8221;1em&#8221;][vc_column_text] Wesentlich wassersparender und zielgerichteter Wassereinsatz im Vergleich [&hellip;]<\/p>\n","protected":false},"author":2,"featured_media":0,"parent":0,"menu_order":0,"comment_status":"closed","ping_status":"closed","template":"","meta":{"footnotes":""},"class_list":["post-1979","page","type-page","status-publish","format-standard","hentry"],"_links":{"self":[{"href":"https:\/\/farmsolutions.at\/en\/wp-json\/wp\/v2\/pages\/1979","targetHints":{"allow":["GET"]}}],"collection":[{"href":"https:\/\/farmsolutions.at\/en\/wp-json\/wp\/v2\/pages"}],"about":[{"href":"https:\/\/farmsolutions.at\/en\/wp-json\/wp\/v2\/types\/page"}],"author":[{"embeddable":true,"href":"https:\/\/farmsolutions.at\/en\/wp-json\/wp\/v2\/users\/2"}],"replies":[{"embeddable":true,"href":"https:\/\/farmsolutions.at\/en\/wp-json\/wp\/v2\/comments?post=1979"}],"version-history":[{"count":19,"href":"https:\/\/farmsolutions.at\/en\/wp-json\/wp\/v2\/pages\/1979\/revisions"}],"predecessor-version":[{"id":2121,"href":"https:\/\/farmsolutions.at\/en\/wp-json\/wp\/v2\/pages\/1979\/revisions\/2121"}],"wp:attachment":[{"href":"https:\/\/farmsolutions.at\/en\/wp-json\/wp\/v2\/media?parent=1979"}],"curies":[{"name":"wp","href":"https:\/\/api.w.org\/{rel}","templated":true}]}}