{"id":1210,"date":"2016-10-21T12:20:27","date_gmt":"2016-10-21T10:20:27","guid":{"rendered":"https:\/\/farmsolutions.at\/?page_id=1210"},"modified":"2020-01-17T15:15:06","modified_gmt":"2020-01-17T14:15:06","slug":"impressum","status":"publish","type":"page","link":"https:\/\/farmsolutions.at\/en\/impressum\/","title":{"rendered":"Imprint"},"content":{"rendered":"<div class=\"wpb-content-wrapper\"><p>[vc_row][vc_column][vc_column_text]<\/p>\n<h2>Imprint<\/h2>\n<p>Farmsolutions GmbH<br \/>\nMarkt Hartmannsdorf 58<br \/>\n8311<br \/>\nMarkt Hartmannsdorf<br \/>\n\u00d6sterreich<\/p>\n<p>Tel.: +43 664 467 9321<br \/>\nFax.: +43 3114 2580<br \/>\n<a href=\"mailto:wasser@farmsolutions.at\">wasser@farmsolutions.at<\/a><\/p>\n<p>Bew\u00e4sserung Fertigation Planung<br \/>\nUID: ATU68366216<br \/>\nFirmenbuch-Nummer: FN 405859 b<br \/>\nFirmenbuch-Gericht: LG f\u00fcr Zivilrechtssachen Graz<br \/>\nMitgliedschaften: WK\u00d6<br \/>\nAufsichtsbeh\u00f6rde: BH Weiz<\/p>\n<p><strong>Theme \/ Programmierung<\/strong><br \/>\n<span class=\"Apple-style-span\"><b>\u00a9 2020 PHONGJIM<\/b><\/span><span class=\"Apple-style-span\">\u00a0| WEBDESIGN &amp;\u00a0<\/span><span class=\"Apple-style-span\">INTERAKTIVE MEDIEN \u2013\u00a0<\/span>Florian Werner \u2013 <a href=\"https:\/\/phongjim.com\/\" target=\"_blank\" rel=\"noopener noreferrer\">phongjim.com<\/a>[\/vc_column_text][\/vc_column][\/vc_row]<\/p>\n<\/div>","protected":false},"excerpt":{"rendered":"<p>[vc_row][vc_column][vc_column_text] Imprint Farmsolutions GmbH Markt Hartmannsdorf 58 8311 Markt Hartmannsdorf \u00d6sterreich Tel.: +43 664 467 9321 Fax.: +43 3114 2580 wasser@farmsolutions.at Bew\u00e4sserung Fertigation Planung UID: ATU68366216 Firmenbuch-Nummer: FN 405859 b Firmenbuch-Gericht: LG f\u00fcr Zivilrechtssachen Graz Mitgliedschaften: WK\u00d6 Aufsichtsbeh\u00f6rde: BH Weiz Theme \/ Programmierung \u00a9 2020 PHONGJIM\u00a0| WEBDESIGN &amp;\u00a0INTERAKTIVE MEDIEN \u2013\u00a0Florian Werner \u2013 phongjim.com[\/vc_column_text][\/vc_column][\/vc_row]<\/p>\n","protected":false},"author":1,"featured_media":0,"parent":0,"menu_order":0,"comment_status":"closed","ping_status":"closed","template":"","meta":{"footnotes":""},"class_list":["post-1210","page","type-page","status-publish","format-aside","hentry"],"_links":{"self":[{"href":"https:\/\/farmsolutions.at\/en\/wp-json\/wp\/v2\/pages\/1210","targetHints":{"allow":["GET"]}}],"collection":[{"href":"https:\/\/farmsolutions.at\/en\/wp-json\/wp\/v2\/pages"}],"about":[{"href":"https:\/\/farmsolutions.at\/en\/wp-json\/wp\/v2\/types\/page"}],"author":[{"embeddable":true,"href":"https:\/\/farmsolutions.at\/en\/wp-json\/wp\/v2\/users\/1"}],"replies":[{"embeddable":true,"href":"https:\/\/farmsolutions.at\/en\/wp-json\/wp\/v2\/comments?post=1210"}],"version-history":[{"count":2,"href":"https:\/\/farmsolutions.at\/en\/wp-json\/wp\/v2\/pages\/1210\/revisions"}],"predecessor-version":[{"id":1212,"href":"https:\/\/farmsolutions.at\/en\/wp-json\/wp\/v2\/pages\/1210\/revisions\/1212"}],"wp:attachment":[{"href":"https:\/\/farmsolutions.at\/en\/wp-json\/wp\/v2\/media?parent=1210"}],"curies":[{"name":"wp","href":"https:\/\/api.w.org\/{rel}","templated":true}]}}